{"id":179,"date":"2014-05-15T21:39:07","date_gmt":"2014-05-15T19:39:07","guid":{"rendered":"http:\/\/rosmarinvej.dk\/?page_id=179"},"modified":"2014-05-15T21:40:43","modified_gmt":"2014-05-15T19:40:43","slug":"generalforsamling-2014","status":"publish","type":"page","link":"https:\/\/rosmarinvej.dk\/?page_id=179","title":{"rendered":"Generalforsamling 2014"},"content":{"rendered":"<p>Grundejerforeningen Rosmarinvej<br \/>\nrosmarinvej.dk<\/p>\n<p>Referat af ordin\u00e6r generalforsamling i Grundejerforeningen Rosmarinvej tirsdag d. 25. marts 2014<\/p>\n<p>Repr\u00e6sentanter fra 17 husstande var m\u00f8dt frem.<\/p>\n<p>Dagsorden:<\/p>\n<p>1. Valg af dirigent<\/p>\n<p>Morten Andersen blev valgt som dirigent og kunne konstatere, at generalforsamlingen var lovlig indvarslet iht. foreningens vedt\u00e6gter.<\/p>\n<p>2. Formanden afl\u00e6gger \u00e5rsberetning<\/p>\n<p>Formand Benny Christensen aflagde flg. beretning:<br \/>\nS\u00e5 er der g\u00e5et et \u00e5r, p\u00e5 n\u00e6r en dag, siden sidste \u00e5rs generalforsamling. Og det har igen v\u00e6ret et stille \u00e5r for bestyrelsen, vi har kun afholdt et bestyrelsesm\u00f8de. Der har ikke v\u00e6ret ret meget at forholde sig til, heldigvis. Vores vejvedligehold ligger i gode h\u00e6nder hos S\u00f8ren, og Benny K har styr p\u00e5 \u00f8konomien. S\u00e5 har den \u00f8vrige del af bestyrelsen det nemt!<\/p>\n<p>Vi har budt 6 ny beboere velkommen til i 2013, hvilket fremg\u00e5r af det efterf\u00f8lgende regnskab. Og vi er bekendt med at der vil ske ejerskifte flere steder her i for\u00e5ret. Hj\u00e6lp bestyrelsen og giv besked n\u00e5r der flytter nye ind p\u00e5 Rosmarinvej &#8211; vi vil gerne byde alle velkommen!<\/p>\n<p>Det st\u00f8rste der er sket i vores n\u00e6romr\u00e5de er, at vi om kort tid ikke f\u00e5r langt til \u201dk\u00f8bmand\u201d- Netto kommer i vores baghave. I henhold til lokalplanen er det ikke noget, der kan medf\u00f8re gener for vores omr\u00e5de, s\u00e5 vi m\u00e5 h\u00e5be at man f\u00f8lger lokalplanen denne gang\u2026<\/p>\n<p>Veje og stier:<br \/>\nRevneforseglingen p\u00e5 stamvejen og sidevejene, vil vi f\u00f8lge op p\u00e5 og om n\u00f8dvending supplere.<\/p>\n<p>\u00d8konomi:<br \/>\nFor regnskabs\u00e5ret 2013 har vi 2 husstande, som ikke har betalt kontingent, selv om der er runddelt rykker \u2013 vores kasserer har gjort en ih\u00e6rdig indsats for at f\u00e5 alle kontingenter ind. Jeg synes det er urimeligt der skal bruges s\u00e5 megen tid p\u00e5 det, n\u00e5r det er muligt at f\u00e5 den slags til at k\u00f8re automatisk via sit pengeinstitut.<\/p>\n<p>Jeg vil gentage det som jeg sagde sidste \u00e5r: K\u00e6re medlemmer \u2013 betal jeres kontingent til tiden \u2013 det giver kassereren urimeligt merarbejde at sende rykkere ud og holde styr p\u00e5 indbetalingerne, n\u00e5r de kommer dumpende hen over hele \u00e5ret &#8211; p\u00e5 forh\u00e5nd tak.<\/p>\n<p>Snerydning\/glatf\u00f8rebek\u00e6mpelse:<\/p>\n<p>Vi har indk\u00f8bt nye kasser til str\u00f8sand med vores navn p\u00e5. Det har pyntet!<\/p>\n<p>Vinteren 2012\/13 belaster vores regnskab for 2013, men vinteren 2013\/14 har vi jo n\u00e6rmest ikke m\u00e6rket til, og det er godt for vores \u00f8konomi, b\u00e5de for regnskab 2013, men bliver det ogs\u00e5 for 2014.<\/p>\n<p>Vi havde aftalt, at der fejes i morgen, onsdag, hvis det er t\u00f8rvejr. Der blev fejet den 27\/3.<\/p>\n<p>Hjemmeside<br \/>\nVi har nu haft vores hjemmeside rosmarinvej.dk i cirka et \u00e5r. Vores webmaster og bestyrelsesmedlem, Morten Dueholm, nr. 21, siger, at i gennemsnit er der 5 personer der kikker p\u00e5 siden om ugen. Det er vist ret flot. Vi kunne godt \u00f8nske os, at siden blev lidt mere levende \u2013 det er jo ikke bestyrelsesarbejdet der bidrager med det helt store. S\u00e5 Morten modtager gerne gode ideer og indl\u00e6g til siden. Morten har tidligere efterlyst noget historiks om vores omr\u00e5de, s\u00e5 ligger nogen inde med billeder, tegninger og information fra da \u201dRosmarinvej var ung\u201d, s\u00e5 send dem til Morten.<\/p>\n<p>Som afslutning vil jeg sige tak til bestyrelsen for et godt samarbejde i det forgangne \u00e5r.<\/p>\n<p>Beretningen blev godkendt.<\/p>\n<p>3. Kassereren forel\u00e6gger det reviderede regnskab<\/p>\n<p>Kassereren Benny Kold gennemgik det udsendte regnskab. Der er to manglende betalinger i 2013, der er tale om nr. 18 og 63.<\/p>\n<p>Regnskabet blev godkendt.<\/p>\n<p>4. Behandling af budgetforslag samt fasts\u00e6ttelse af kontingent.<\/p>\n<p>Bestyrelsen redegjorde for det udsendte budgetforslag. Bestyrelsen foresl\u00e5r, at kontingentet forbliver u\u00e6ndret, 700 kr. Kontingentet fordeles med 300 kr. til drift og 400 kr. til vejfonden. Bestyrelsen kan dog beslutte en anden fordeling, hvis der i l\u00f8bet af \u00e5ret opst\u00e5r behov herfor.<\/p>\n<p>Budget og kontingent blev godkendt.<\/p>\n<p>5. Behandling af indkomne forslag<\/p>\n<p>Bestyrelsen har modtaget et forslag fra Steen Bach, nr. 85. Forslaget er blevet husstandsomdelt inden generalforsamlingen.<br \/>\nSteen Bach supplerede med f\u00f8lgende bem\u00e6rkninger:<br \/>\n&#8211; Pris: ca. 10-15.000 kr. + moms + den kasse den skal h\u00e6nge i 5-8.000 kr. + str\u00f8m + service mv.<br \/>\n&#8211; Eller man kan s\u00f8ge Trygfonden om en hjertestarter, som ogs\u00e5 tilbyder kasse + kurser mv.<br \/>\n&#8211; Man kan evt. ogs\u00e5 s\u00f8ge andre fonde om hj\u00e6lp.<\/p>\n<p>Efter en lang debat, der prim\u00e6rt vedr\u00f8rte finansieringen, blev der stemt om forslaget:<br \/>\nFor: 5 Imod: 11 Blank: 3<br \/>\nForslaget blev ikke vedtaget.<br \/>\nKirsten Vestergaard nr. 19 og Morten Dueholm (n\u00e6stformand) arbejder dog videre med forslaget, og unders\u00f8ger mulighederne.<br \/>\nTil orientering kan det meddeles, at der er en hjertestarter p\u00e5 Vestervang Skole (se vedlagte kort). Den h\u00e6nger udenp\u00e5 hallen, p\u00e5 den nordlige side. Og der findes ikke en hjertestarter ved Katrinehaven. Husk dog at ringe 112 f\u00f8rst, hvis uheldet er ude!<\/p>\n<p>6. Valg af bestyrelsesmedlemmer og 2 suppleanter, samt 2 revisorer og 1 suppleant<\/p>\n<p>Til bestyrelsen blev Benny Kold nr. 47, S\u00f8ren Mikkelsen nr. 87 og Anne Andersen nr.52 genvalgt.<br \/>\nSom suppleanter blev Kristian Abildgaard nr. 26 A og J\u00f8rgen Vestergaard nr. 19 genvalgt.<br \/>\nSom revisorer blev Bjarne Hougaard nr. 36 og Birthe Laugesen nr. 35 genvalgt.<br \/>\nSom revisorsuppleant blev Jette Haubro nr. 17 nyvalgt.<\/p>\n<p>7. Eventuelt<\/p>\n<p>Jakob Svejstrup nr. 15 p\u00e5pegede, at folk stadig k\u00f8rer alt for st\u00e6rkt p\u00e5 stamvejen. Han vil stille forslag til n\u00e6ste \u00e5rs generalforsamling, om vejbump eller lign. Midlertidige skilte\/bannere blev ogs\u00e5 n\u00e6vnt som en mulighed.<br \/>\nGeneralforsamlingen opfordrer hermed til, at folk k\u00f8rer forsigtigt b\u00e5de p\u00e5 stamvejen og p\u00e5 sidevejene, samt opfordrer beboerne p\u00e5 vejen til ogs\u00e5 at n\u00e6vne det for bes\u00f8gende mv.<br \/>\nMorten Kristiansen nr. 44 spurgte til snerydningen p\u00e5 Gl. Skivevej. Cykelstierne bliver ikke ryddet for sne. Benny Christensen (formanden) kunne dertil svare, at det er fordi det ikke er cykelsti, men \u201dcykelbane\u201d og derfor har en anden prioritering mht. snerydning.<\/p>\n<p>Lige en bem\u00e6rkning fra Festudvalget: der bliver desv\u00e6rre ingen gadefest i \u00e5r, men vi er st\u00e6rkt tilbage i 2015!<\/p>\n<p>Morten Andersen Benny Christensen Benny Kold<br \/>\nDirigent Formand Kasserer<\/p>\n<p>Morten Dueholm S\u00f8ren Mikkelsen Anne Andersen<br \/>\nN\u00e6stformand Vejformand Sekret\u00e6r<\/p>\n<p>Referat i PDF kan hentes her: <a href=\"http:\/\/rosmarinvej.dk\/wp-content\/uploads\/2014\/05\/Ref.generalf.2014.pdf\" target=\"_blank\">Ref.generalf.2014<\/a><\/p>\n","protected":false},"excerpt":{"rendered":"<p>Grundejerforeningen Rosmarinvej rosmarinvej.dk Referat af ordin\u00e6r generalforsamling i Grundejerforeningen Rosmarinvej tirsdag d. 25. marts 2014 Repr\u00e6sentanter fra 17 husstande var m\u00f8dt frem. Dagsorden: 1. Valg af dirigent Morten Andersen blev valgt som dirigent og kunne konstatere, at generalforsamlingen var lovlig indvarslet iht. foreningens vedt\u00e6gter. 2. Formanden afl\u00e6gger \u00e5rsberetning Formand Benny Christensen aflagde flg. beretning: S\u00e5 [&hellip;]<\/p>\n","protected":false},"author":1,"featured_media":0,"parent":0,"menu_order":0,"comment_status":"closed","ping_status":"closed","template":"","meta":{"footnotes":""},"class_list":["post-179","page","type-page","status-publish","hentry"],"_links":{"self":[{"href":"https:\/\/rosmarinvej.dk\/index.php?rest_route=\/wp\/v2\/pages\/179","targetHints":{"allow":["GET"]}}],"collection":[{"href":"https:\/\/rosmarinvej.dk\/index.php?rest_route=\/wp\/v2\/pages"}],"about":[{"href":"https:\/\/rosmarinvej.dk\/index.php?rest_route=\/wp\/v2\/types\/page"}],"author":[{"embeddable":true,"href":"https:\/\/rosmarinvej.dk\/index.php?rest_route=\/wp\/v2\/users\/1"}],"replies":[{"embeddable":true,"href":"https:\/\/rosmarinvej.dk\/index.php?rest_route=%2Fwp%2Fv2%2Fcomments&post=179"}],"version-history":[{"count":2,"href":"https:\/\/rosmarinvej.dk\/index.php?rest_route=\/wp\/v2\/pages\/179\/revisions"}],"predecessor-version":[{"id":183,"href":"https:\/\/rosmarinvej.dk\/index.php?rest_route=\/wp\/v2\/pages\/179\/revisions\/183"}],"wp:attachment":[{"href":"https:\/\/rosmarinvej.dk\/index.php?rest_route=%2Fwp%2Fv2%2Fmedia&parent=179"}],"curies":[{"name":"wp","href":"https:\/\/api.w.org\/{rel}","templated":true}]}}