{"id":21,"date":"2012-11-29T21:28:10","date_gmt":"2012-11-29T20:28:10","guid":{"rendered":"http:\/\/rosmarinvej.dk\/?page_id=21"},"modified":"2013-03-25T17:04:40","modified_gmt":"2013-03-25T16:04:40","slug":"historiske-fotos","status":"publish","type":"page","link":"https:\/\/rosmarinvej.dk\/?page_id=21","title":{"rendered":"Historiske fotos"},"content":{"rendered":"<p>Ligger du inde med historiske fotos fra Engelsborg-omr\u00e5det, vil vi meget gerne have dem p\u00e5 hjemmesiden. Findes de i elektronisk form, mail dem gerne til <a title=\"rosmarinvej21@gmail.com\" href=\"mailto:rosmarinvej21@gmail.com\">rosmarinvej21@gmail.com<\/a>. Jeg scanner ogs\u00e5 gerne papirbilleder og negativer ind.<\/p>\n","protected":false},"excerpt":{"rendered":"<p>Ligger du inde med historiske fotos fra Engelsborg-omr\u00e5det, vil vi meget gerne have dem p\u00e5 hjemmesiden. Findes de i elektronisk form, mail dem gerne til rosmarinvej21@gmail.com. Jeg scanner ogs\u00e5 gerne papirbilleder og negativer ind.<\/p>\n","protected":false},"author":1,"featured_media":0,"parent":0,"menu_order":0,"comment_status":"closed","ping_status":"closed","template":"","meta":{"footnotes":""},"class_list":["post-21","page","type-page","status-publish","hentry"],"_links":{"self":[{"href":"https:\/\/rosmarinvej.dk\/index.php?rest_route=\/wp\/v2\/pages\/21","targetHints":{"allow":["GET"]}}],"collection":[{"href":"https:\/\/rosmarinvej.dk\/index.php?rest_route=\/wp\/v2\/pages"}],"about":[{"href":"https:\/\/rosmarinvej.dk\/index.php?rest_route=\/wp\/v2\/types\/page"}],"author":[{"embeddable":true,"href":"https:\/\/rosmarinvej.dk\/index.php?rest_route=\/wp\/v2\/users\/1"}],"replies":[{"embeddable":true,"href":"https:\/\/rosmarinvej.dk\/index.php?rest_route=%2Fwp%2Fv2%2Fcomments&post=21"}],"version-history":[{"count":3,"href":"https:\/\/rosmarinvej.dk\/index.php?rest_route=\/wp\/v2\/pages\/21\/revisions"}],"predecessor-version":[{"id":99,"href":"https:\/\/rosmarinvej.dk\/index.php?rest_route=\/wp\/v2\/pages\/21\/revisions\/99"}],"wp:attachment":[{"href":"https:\/\/rosmarinvej.dk\/index.php?rest_route=%2Fwp%2Fv2%2Fmedia&parent=21"}],"curies":[{"name":"wp","href":"https:\/\/api.w.org\/{rel}","templated":true}]}}