{"id":226,"date":"2015-04-21T08:48:39","date_gmt":"2015-04-21T06:48:39","guid":{"rendered":"http:\/\/rosmarinvej.dk\/?page_id=226"},"modified":"2015-04-21T08:48:39","modified_gmt":"2015-04-21T06:48:39","slug":"generalforsamling-2015","status":"publish","type":"page","link":"https:\/\/rosmarinvej.dk\/?page_id=226","title":{"rendered":"Generalforsamling 2015"},"content":{"rendered":"<p>Grundejerforeningen Rosmarinvej<br \/>\nrosmarinvej.dk<\/p>\n<p>Referat af ordin\u00e6r generalforsamling i Grundejerforeningen Rosmarinvej afholdt tirsdag d. 24. marts 2015<\/p>\n<p>Repr\u00e6sentanter fra 14 husstande var m\u00f8dt frem.<\/p>\n<p>Dagsorden:<\/p>\n<p>1. Valg af dirigent<\/p>\n<p>Morten Andersen blev valgt som dirigent og kunne konstatere, at generalforsamlingen var lovlig indvarslet iht. foreningens vedt\u00e6gter.<\/p>\n<p>2. Formanden afl\u00e6gger \u00e5rsberetning<\/p>\n<p>Formand Benny Christensen aflagde f\u00f8lgende beretning:<br \/>\nDet har igen v\u00e6ret et stille \u00e5r for bestyrelsen. Vi har budt velkommen til nye beboere, men vil stadig gerne have besked, hvis nye flytter ind.<\/p>\n<p>\u00d8konomi:<br \/>\nFor regnskabs\u00e5ret 2014 har vi desv\u00e6rre 4 husstande, der ikke har betalt kontingent, selvom kassereren har uddelt rykkere 2 gange! K\u00e6re alle \u2013 betal kontingent til grundejerforeningen og g\u00f8r det til tiden- det giver kassereren urimeligt merarbejde, som er un\u00f8dvendigt \u2013 p\u00e5 forh\u00e5nd tak.<\/p>\n<p>Veje og stier:<br \/>\nVi holder stadig \u00f8je med revner og forseglinger, men har indtil videre vurderet at der ikke er behov for renovering. Vi har ogs\u00e5 g\u00e5et stierne igennem og vurderet, at der p.t. ikke er et akut behov.<br \/>\nEn appel til jer, der har grund op til stierne, men ogs\u00e5 til stikveje og vendepladser: Hold jeres h\u00e6k inde p\u00e5 egen grund og klip dem godt ind. Hvis h\u00e6kke p\u00e5 begge sider af en sti m.v. f\u00e5r lov til at brede sig, kan stien blive temmelig smal\u2026<\/p>\n<p>Et medlem har spurgt til forsikringsansvar, hvis en skulle v\u00e6re s\u00e5 uheldig at falde p\u00e5 en af stierne fordi der er glat. Det er vedkommende grundejers egen ansvarsforsikring, da det er grundejerens ansvar at holde stier fri for sne og sikre, at de ikke er glatte. Grundejerforeningens ansvarsforsikring d\u00e6kker p\u00e5 de arealer hvor grundejerforeningen har ansvaret for snerydning og glatf\u00f8rebek\u00e6mpelse, veje og vendepladser. Grundejerforeningens forsikring d\u00e6kker ogs\u00e5 hvis en falder p\u00e5 grund af huller m.v. p\u00e5 stier og veje, da det er grundejerforeningen der har ansvaret for vedligeholdelsen.<\/p>\n<p>En anden appel til jer: der ligger en del efterladenskaber fra hunde, enten \u201dau naturel\u201d eller i pose. De skal selvf\u00f8lgelig samles op og hjem i egen skraldespand, ikke l\u00e6gges p\u00e5 et teknikskab eller i plantekummerne.<\/p>\n<p>Bestyrelsen har f\u00e5et en henvendelse fra et medlem, ang. at en beboer har etableret udk\u00f8rsel til stamvejen. Vi har f\u00e5et oplyst, at det er foreg\u00e5et helt efter bogen og der er givet tilladelse fra kommunen til en overk\u00f8rselstilladelse til lejlighedsvis k\u00f8rsel med trailer og lign.<\/p>\n<p>Byr\u00e5dets tekniske udvalg har p\u00e5 sit m\u00f8de d. 4. marts, afgjort at sanering af Salvievej, Kommenvej m.fl. f\u00f8rst kommer til at ske efter 2019.<\/p>\n<p>Snerydning\/ Glatf\u00f8rebek\u00e6mpelse:<br \/>\nVinterperioden har igen vist sig fra sin \u201dmilde\u201d side, hvilket klart fremg\u00e5r af regnskabet. Og som i nok har bem\u00e6rket, er vores str\u00f8sand fejet op.<\/p>\n<p>Hjemmeside:<br \/>\nVores hjemmeside, rosmarinvej.dk, er godt bes\u00f8gt og nu kan man tilmelde sig en nyhedsmail, s\u00e5 man f\u00e5r besked hver gang der sker noget nyt p\u00e5 siden. Morten Dueholm, som er webmaster, efterlyser gamle fotos og historik fra Rosmarinvej.<\/p>\n<p>Hjertestarter:<br \/>\nP\u00e5 sidste \u00e5rs generalforsamling blev det vedtaget, at bl.a. Morten Dueholm skulle arbejde videre med forslaget om en hjertestarter. Den mest oplagte fond, Trygfonden, at ans\u00f8ge om en hjertestarter hos, har givet afslag. Bestyrelsen har herefter valgt at indstille unders\u00f8gelserne.<\/p>\n<p>Beretningen blev godkendt.<\/p>\n<p>3. Kassereren forel\u00e6gger det reviderede regnskab<\/p>\n<p>Kassereren Benny Kold gennemgik det udsendte regnskab. Der er 4 manglende betalinger i 2014, der er tale om nr. 9, 18, 62 og 63.<\/p>\n<p>Regnskabet blev godkendt.<\/p>\n<p>4. Behandling ag budgetforslag samt fasts\u00e6ttelse af kontingent<\/p>\n<p>Bestyrelsen redegjorde for det udsendte budgetforslag. Bestyrelsen foresl\u00e5r, at kontingentet forbliver u\u00e6ndret, 700 kr. Kontingentet fordeles med 300 kr. til drift og 400 kr. til vejfonden. Bestyrelsen kan dog beslutte en anden fordeling, hvis der i l\u00f8bet af \u00e5ret opst\u00e5r behov derfor.<\/p>\n<p>Budget og kontingent blev godkendt.<\/p>\n<p>5. Behandling af indkomne forslag<\/p>\n<p>Der var ingen indkomne forslag.<\/p>\n<p>6. Valg af bestyrelsesmedlemmer og 2 suppleanter, samt 2 revisorer og 1 suppleant<\/p>\n<p>Til bestyrelsen blev Morten Dueholm nr. 21 genvalgt. Benny Christensen nr. 75 valgte ikke at forts\u00e6tte. Jette Haubro nr. 17 blev valgt ind i bestyrelsen.<br \/>\nSom suppleanter blev Kristian Abildgaard nr. nr. 26A og J\u00f8rgen Vestergaard nr. 19 genvalgt.<br \/>\nSom revisorer blev Bjarne Hougaard nr. 36 og Birthe Laugesen nr. 35 genvalgt.<br \/>\nSom revisorsuppleant blev Benny Nielsen nr. 70 valgt.<\/p>\n<p>7. Eventuelt<\/p>\n<p>Der var intet under eventuelt.<\/p>\n<p>&nbsp;<\/p>\n<p>Morten Andersen, dirigent<\/p>\n<p>Benny Christensen, formand<\/p>\n<p>Benny Kold, kasserer<\/p>\n<p>Morten Dueholm, n\u00e6stformand<\/p>\n<p>S\u00f8ren Mikkelsen, vejformand<\/p>\n<p>Anne Andersen, sekret\u00e6r<\/p>\n","protected":false},"excerpt":{"rendered":"<p>Grundejerforeningen Rosmarinvej rosmarinvej.dk Referat af ordin\u00e6r generalforsamling i Grundejerforeningen Rosmarinvej afholdt tirsdag d. 24. marts 2015 Repr\u00e6sentanter fra 14 husstande var m\u00f8dt frem. Dagsorden: 1. Valg af dirigent Morten Andersen blev valgt som dirigent og kunne konstatere, at generalforsamlingen var lovlig indvarslet iht. foreningens vedt\u00e6gter. 2. Formanden afl\u00e6gger \u00e5rsberetning Formand Benny Christensen aflagde f\u00f8lgende beretning: [&hellip;]<\/p>\n","protected":false},"author":1,"featured_media":0,"parent":0,"menu_order":0,"comment_status":"closed","ping_status":"closed","template":"","meta":{"footnotes":""},"class_list":["post-226","page","type-page","status-publish","hentry"],"_links":{"self":[{"href":"https:\/\/rosmarinvej.dk\/index.php?rest_route=\/wp\/v2\/pages\/226","targetHints":{"allow":["GET"]}}],"collection":[{"href":"https:\/\/rosmarinvej.dk\/index.php?rest_route=\/wp\/v2\/pages"}],"about":[{"href":"https:\/\/rosmarinvej.dk\/index.php?rest_route=\/wp\/v2\/types\/page"}],"author":[{"embeddable":true,"href":"https:\/\/rosmarinvej.dk\/index.php?rest_route=\/wp\/v2\/users\/1"}],"replies":[{"embeddable":true,"href":"https:\/\/rosmarinvej.dk\/index.php?rest_route=%2Fwp%2Fv2%2Fcomments&post=226"}],"version-history":[{"count":3,"href":"https:\/\/rosmarinvej.dk\/index.php?rest_route=\/wp\/v2\/pages\/226\/revisions"}],"predecessor-version":[{"id":229,"href":"https:\/\/rosmarinvej.dk\/index.php?rest_route=\/wp\/v2\/pages\/226\/revisions\/229"}],"wp:attachment":[{"href":"https:\/\/rosmarinvej.dk\/index.php?rest_route=%2Fwp%2Fv2%2Fmedia&parent=226"}],"curies":[{"name":"wp","href":"https:\/\/api.w.org\/{rel}","templated":true}]}}