{"id":27,"date":"2012-11-29T21:31:46","date_gmt":"2012-11-29T20:31:46","guid":{"rendered":"http:\/\/rosmarinvej.dk\/?page_id=27"},"modified":"2013-03-25T16:50:29","modified_gmt":"2013-03-25T15:50:29","slug":"generalforsamling-2012","status":"publish","type":"page","link":"https:\/\/rosmarinvej.dk\/?page_id=27","title":{"rendered":"Generalforsamling 2012"},"content":{"rendered":"<p><span style=\"line-height: 1.714285714; font-size: 1rem;\">Grundejerforeningen Rosmarinvej<\/span><\/p>\n<p>Referat af ordin\u00e6rt generalforsamling, tirsdag d. 27. marts 2012 i Aktivitetshuset N\u00f8rremarken, N\u00f8rremarksvej.<\/p>\n<p>15 husstande var repr\u00e6senteret.<\/p>\n<p>Dagsorden:<\/p>\n<p>1. Valg af dirigent.<br \/>\nMorten Andersen blev valgt.<br \/>\nDirigenten konstaterede, at generalforsamlingen var lovlig indvarslet i h.t. foreningens vedt\u00e6gter.<\/p>\n<p>2. Formandens beretning.<br \/>\nFormand, S\u00f8ren Mikkelsen, aflagde f\u00f8lgende beretning:<\/p>\n<p>S\u00e5 er det blevet tid for \u00e5rets generalforsamling. Siden sidste generalforsamling har vi afholdt et bestyrelsesm\u00f8de. Vi har budt velkommen til 1 ny beboer i 2011. S\u00e5 alt i alt, har det v\u00e6ret et meget roligt \u00e5r i foreningen, og derfor bliver det en meget kort beretning.<\/p>\n<p>Veje og Stier:<br \/>\nRevneforseglingen p\u00e5 stamvejen og sidevejene, ser ud til at holde godt. Der vil nok komme en st\u00f8rre udgift til udskiftning af riste p\u00e5 stamvejen, der er 3 riste som er sunket meget. Det vil koste ca. 2500 kr. pr. rist incl. ny rist, topringe, asfalt, arbejdsl\u00f8n og moms. Hvis alle riste p\u00e5 stamvejen, skal skiftes vil bel\u00f8bet ligge p\u00e5 mellem 25-30.000 kr. N\u00f8jes vi med de 3 v\u00e6rste, s\u00e5 vil bel\u00f8bet ende p\u00e5 ca. 8000 kr.<br \/>\nDer er de sidste par dage blevet fejet sand og fjernet sandkasserne. Vi har brugt samme entrepren\u00f8r som de foreg\u00e5ende \u00e5r.<\/p>\n<p>\u00d8konomi:<br \/>\nVi har i \u00e5r 2 husstande, som ikke har betalt kontingent, selv om der er runddelt rykkere, \u201dgule og r\u00f8de kort\u201d. Vi vil igen opfordre til at man husker at betale kontingentet til tiden. Vi vil g\u00f8re ekstra opm\u00e6rksom p\u00e5 betalingsdatoen n\u00e5r vi runddeler referatet fra generalforsamlingen, og s\u00e5 h\u00e5ber vi at alle husstande betaler til tiden &#8211; p\u00e5 forh\u00e5nd tak.<\/p>\n<p>Snerydning\/glatf\u00f8rebek\u00e6mpelse:<br \/>\nDenne vinter blev noget billigere end de 2 foreg\u00e5ende \u00e5r. Der var lidt problemer i starten med om der var blevet sandet eller ej. F\u00f8rste gang blev der str\u00f8et med spreder som ikke gav nok sand, men efter en henvendelse fra bestyrelsen l\u00f8ste det sig ved den n\u00e6ste str\u00f8ning.<\/p>\n<p>Jeg vil hermed takke bestyrelsen for et godt samarbejde, i det forgangne \u00e5r.<\/p>\n<p>Dirigenten forslog beretning taget op til debat.<br \/>\nGeneralforsamlingen \u00f8nskede oplyst, hvilke husstande der ikke har betalt kontingent. Formanden oplyste, at der er tale om nr. 9 og 63.<br \/>\nDer blev efterlyst f\u00e6lles tinglysning om medlemskab af foreningen. Dette vil f\u00f8rst ske n\u00e5r alle er medlem.<\/p>\n<p>Herefter blev beretningen godkendt.<\/p>\n<p>3. Kassereren forel\u00e6ggelse af det reviderede regnskab.<br \/>\nKassereren, Anette Svejstrup, gennemgik det udsendte regnskab.<br \/>\nRegnskabet blev godkendt.<\/p>\n<p>4. Behandling af budgetforslag og fasts\u00e6ttelse af kontingent<br \/>\nAnette Svejstrup redegjorde for det udsendte budgetforslag. Bestyrelsen foresl\u00e5r u\u00e6ndret kontingent, 700 kr., samt fordeling til foreningens drift og vejfonden, henholdsvis 300 og 400 kr. Bestyrelsen kan dog beslutte en anden fordeling, hvis der opst\u00e5r behov i l\u00f8bet af \u00e5ret.<br \/>\nBudget og kontingent blev godkendt.<\/p>\n<p>5. Behandling af indkomne forslag.<br \/>\nDer er ikke modtaget forslag.<\/p>\n<p>6. Valg af bestyrelsesmedlemmer og 2 suppleanter.<br \/>\nTil bestyrelsen blev S\u00f8ren Mikkelsen, nr. 87, genvalgt. Benny Kold, nr. 47, og Anne Andersen, nr. 52, blev nyvalgt.<br \/>\nSom suppleant blev J\u00f8rgen Vestergaard, nr. 19, genvalgt og Kristian Abildgaard, nr. 26A, nyvalgt.<\/p>\n<p>7. Valg af revisorer og suppleant.<br \/>\nBjarne Hougaard, nr. 36, og Birthe Laugesen, nr. 35, blev genvalgt som revisorer.<br \/>\nSvend \u00c5ge Jensen, nr. 13, blev genvalgt som revisorsuppleant.<\/p>\n<p>8. Eventuelt.<br \/>\nF\u00f8lgende emner blev taget op generalforsamlingens deltagere:<br \/>\n* Den fremtidige drift af omr\u00e5dets belysning. Bestyrelsen er ikke bekendt med at der sker \u00e6ndringer.<br \/>\n* Der er et stigende problem med store br\u00f8dstykker &#8211; formentlig til fuglene &#8211; som ligger ved veje og stier. Det kan tiltr\u00e6kke rotter, og derfor blev der opfordret til, at fordring af fugle sker med omtanke.<br \/>\n* Enkelte beboere samler deres haveaffald udenfor egen grund. Det pynter ikke i omr\u00e5det, og derfor blev der opfordret til, at al haveaffald samles p\u00e5 egen grund.<br \/>\n* Trafikale problemer ved krydsning af Agerlandsvej. Der er ikke taget nye initiativer fra bestyrelsen.<\/p>\n<p>&nbsp;<\/p>\n<p>Morten Andersen, dirigent<\/p>\n<p>S\u00f8ren Mikkelsen, formand<\/p>\n<p>Anette Svejstrup, kasserer<\/p>\n<p>Benny Christensen, sekret\u00e6r<\/p>\n<p>Preben J\u00f8rgensen, bestyrelsesmedlem<\/p>\n<p>Bent Kristensen, vejformand<\/p>\n<p>Referat i PDF kan hentes her: <a href=\"http:\/\/rosmarinvej.dk\/wp-content\/uploads\/2012\/11\/Ref.generalf.2012grundejerforening.pdf\">Ref.generalf.2012grundejerforening<\/a><\/p>\n","protected":false},"excerpt":{"rendered":"<p>Grundejerforeningen Rosmarinvej Referat af ordin\u00e6rt generalforsamling, tirsdag d. 27. marts 2012 i Aktivitetshuset N\u00f8rremarken, N\u00f8rremarksvej. 15 husstande var repr\u00e6senteret. Dagsorden: 1. Valg af dirigent. Morten Andersen blev valgt. Dirigenten konstaterede, at generalforsamlingen var lovlig indvarslet i h.t. foreningens vedt\u00e6gter. 2. Formandens beretning. Formand, S\u00f8ren Mikkelsen, aflagde f\u00f8lgende beretning: S\u00e5 er det blevet tid for \u00e5rets [&hellip;]<\/p>\n","protected":false},"author":1,"featured_media":0,"parent":0,"menu_order":0,"comment_status":"closed","ping_status":"closed","template":"","meta":{"footnotes":""},"class_list":["post-27","page","type-page","status-publish","hentry"],"_links":{"self":[{"href":"https:\/\/rosmarinvej.dk\/index.php?rest_route=\/wp\/v2\/pages\/27","targetHints":{"allow":["GET"]}}],"collection":[{"href":"https:\/\/rosmarinvej.dk\/index.php?rest_route=\/wp\/v2\/pages"}],"about":[{"href":"https:\/\/rosmarinvej.dk\/index.php?rest_route=\/wp\/v2\/types\/page"}],"author":[{"embeddable":true,"href":"https:\/\/rosmarinvej.dk\/index.php?rest_route=\/wp\/v2\/users\/1"}],"replies":[{"embeddable":true,"href":"https:\/\/rosmarinvej.dk\/index.php?rest_route=%2Fwp%2Fv2%2Fcomments&post=27"}],"version-history":[{"count":5,"href":"https:\/\/rosmarinvej.dk\/index.php?rest_route=\/wp\/v2\/pages\/27\/revisions"}],"predecessor-version":[{"id":83,"href":"https:\/\/rosmarinvej.dk\/index.php?rest_route=\/wp\/v2\/pages\/27\/revisions\/83"}],"wp:attachment":[{"href":"https:\/\/rosmarinvej.dk\/index.php?rest_route=%2Fwp%2Fv2%2Fmedia&parent=27"}],"curies":[{"name":"wp","href":"https:\/\/api.w.org\/{rel}","templated":true}]}}