{"id":278,"date":"2016-05-25T10:26:39","date_gmt":"2016-05-25T08:26:39","guid":{"rendered":"http:\/\/rosmarinvej.dk\/?page_id=278"},"modified":"2016-05-25T10:26:39","modified_gmt":"2016-05-25T08:26:39","slug":"generalforsamling-2016","status":"publish","type":"page","link":"https:\/\/rosmarinvej.dk\/?page_id=278","title":{"rendered":"Generalforsamling 2016"},"content":{"rendered":"<p>Referat af ordin\u00e6r generalforsamling i Grundejerforeningen Rosmarinvej<br \/>\nTirsdag d. 15. marts 2016<br \/>\nRepr\u00e6sentanter fra 11 husstande var m\u00f8dt frem.<\/p>\n<p>Dagsorden:<\/p>\n<p>1. Valg af dirigent.<br \/>\nKim Nielsen blev valgt til dirigent og kunne konstatere, at generalforsamlingen var lovlig varslet iht. foreningens vedt\u00e6gter.<\/p>\n<p>2. Formanden afl\u00e6gger \u00e5rsberetning.<br \/>\n&#8211;\u00a0\u00a0 \u00a0Vi har budt velkommen til 5 nye husstande siden sidst.<br \/>\n&#8211;\u00a0\u00a0 \u00a0Sidste \u00e5r blev der uddelt 18 rykkere for manglende betaling af kontingent, det er for mange. Derfor: betal og g\u00f8r det til tiden.<br \/>\n&#8211;\u00a0\u00a0 \u00a02015 har v\u00e6ret billig mht. snerydning.<br \/>\n&#8211;\u00a0\u00a0 \u00a0Vi giver besked ang. fejning af sand, p\u00e5 hjemmesiden.<br \/>\n&#8211;\u00a0\u00a0 \u00a0Vi er blevet CVR-registreret. Det er en formalitet, som er n\u00f8dvendig, for at vi kan f\u00e5 en mere hensigtsm\u00e6ssig netbanksl\u00f8sning.<br \/>\n&#8211;\u00a0\u00a0 \u00a0Hjemmesiden har ca. 5-10 bes\u00f8gende om ugen. 10 husstande er tilmeldt nyhedmailen. Morten vil gerne lave om p\u00e5 siden, for ogs\u00e5 at reklamere for omr\u00e5det.<br \/>\n&#8211;\u00a0\u00a0 \u00a0Vi vil fors\u00f8ge at afholde en \u201darbejsdag\u201d, for at f\u00e5 frisket op p\u00e5 nogle steder p\u00e5 vejen.<\/p>\n<p>Beretningen blev godkendt.<\/p>\n<p>3. Kassereren freml\u00e6gger det reviderede regnskab.<br \/>\nKassereren, Benny Kold, gennemgik det udsendte regnskab. Der ca. 10.000 kr. i overskud p\u00e5 driften. Der er 2 manglende betalinger i 2015, der er tale om nr. 18 og 63.<\/p>\n<p>Regnskabet blev godkendt.<\/p>\n<p>4. Behandling af budgetforslag, samt fasts\u00e6ttelse af kontingent.<br \/>\nBestyrelsen redegjorde for det udsendte budgetforslag. Bestyrelsen foresl\u00e5r, at kontingentet forbliver u\u00e6ndret, 700 kr. Kontingentet fordeles med 300 kr. til drift og 400 kr. til vejfonden. Bestyrelsen kan dog beslutte en anden fordeling, hvis der i l\u00f8bet af \u00e5ret opst\u00e5r behov derfor.<\/p>\n<p>Budget og kontingent blev godkendt.<\/p>\n<p>5. Behandling af indkomne forslag.<br \/>\nDer var ingen indkomne forslag.<\/p>\n<p>6. Valg af bestyrelsesmedlemmer og 2 suppleanter, samt 2 revisorer og 1 suppleant.<br \/>\nTil bestyrelsen blev Benny Kold nr. 47, S\u00f8ren Mikkelsen nr. 87 og Anne Andersen nr. 52 genvalgt.<br \/>\nSom suppleanter blev Kristian Abildgaard nr. 26A og J\u00f8rgen Vestergaard nr. 19 genvalgt.<br \/>\nSom revisorer blev Bjarne Hougaard nr. 36 og Birthe Laugesen nr. 35 genvalgt.<br \/>\nSom revisorsuppleant blev Benny Nielsen nr. 70 genvalgt.<\/p>\n<p>7. Eventuelt.<br \/>\nVi har foresl\u00e5et en \u201darbejdsdag\u201d, hvor vi vil udbedre nogle af de steder, der tr\u00e6nger til en opfriskning p\u00e5 vejen. Anne Andersen nr. 52 er tovholder og udsender mere information.<\/p>\n<p>Til info: Gadefest i \u00e5r bliver afholdt l\u00f8rdag d. 20. august.<\/p>\n<p>Kim Nielsen,\u00a0Dirigent<\/p>\n<p>Morten Dueholm, Formand<\/p>\n<p>Benny Kold, Kasserer<\/p>\n<p>Jette Haubro,\u00a0N\u00e6stformand<\/p>\n<p>S\u00f8ren Mikkelsen, Vejformand<\/p>\n<p>Anne Andersen, Sekret\u00e6r<\/p>\n","protected":false},"excerpt":{"rendered":"<p>Referat af ordin\u00e6r generalforsamling i Grundejerforeningen Rosmarinvej Tirsdag d. 15. marts 2016 Repr\u00e6sentanter fra 11 husstande var m\u00f8dt frem. Dagsorden: 1. Valg af dirigent. Kim Nielsen blev valgt til dirigent og kunne konstatere, at generalforsamlingen var lovlig varslet iht. foreningens vedt\u00e6gter. 2. Formanden afl\u00e6gger \u00e5rsberetning. &#8211;\u00a0\u00a0 \u00a0Vi har budt velkommen til 5 nye husstande siden [&hellip;]<\/p>\n","protected":false},"author":1,"featured_media":0,"parent":0,"menu_order":0,"comment_status":"closed","ping_status":"closed","template":"","meta":{"footnotes":""},"class_list":["post-278","page","type-page","status-publish","hentry"],"_links":{"self":[{"href":"https:\/\/rosmarinvej.dk\/index.php?rest_route=\/wp\/v2\/pages\/278","targetHints":{"allow":["GET"]}}],"collection":[{"href":"https:\/\/rosmarinvej.dk\/index.php?rest_route=\/wp\/v2\/pages"}],"about":[{"href":"https:\/\/rosmarinvej.dk\/index.php?rest_route=\/wp\/v2\/types\/page"}],"author":[{"embeddable":true,"href":"https:\/\/rosmarinvej.dk\/index.php?rest_route=\/wp\/v2\/users\/1"}],"replies":[{"embeddable":true,"href":"https:\/\/rosmarinvej.dk\/index.php?rest_route=%2Fwp%2Fv2%2Fcomments&post=278"}],"version-history":[{"count":1,"href":"https:\/\/rosmarinvej.dk\/index.php?rest_route=\/wp\/v2\/pages\/278\/revisions"}],"predecessor-version":[{"id":279,"href":"https:\/\/rosmarinvej.dk\/index.php?rest_route=\/wp\/v2\/pages\/278\/revisions\/279"}],"wp:attachment":[{"href":"https:\/\/rosmarinvej.dk\/index.php?rest_route=%2Fwp%2Fv2%2Fmedia&parent=278"}],"curies":[{"name":"wp","href":"https:\/\/api.w.org\/{rel}","templated":true}]}}