{"id":418,"date":"2018-04-25T16:00:13","date_gmt":"2018-04-25T14:00:13","guid":{"rendered":"http:\/\/rosmarinvej.dk\/?page_id=418"},"modified":"2018-04-25T16:00:13","modified_gmt":"2018-04-25T14:00:13","slug":"generalforsamling-2018","status":"publish","type":"page","link":"https:\/\/rosmarinvej.dk\/?page_id=418","title":{"rendered":"Generalforsamling 2018"},"content":{"rendered":"<p>Referat af ordin\u00e6r generalforsamling i Grundejerforeningen Rosmarinvej<br \/>\nTirsdag d. 20. marts 2018<br \/>\nRepr\u00e6sentanter fra 18 husstande var m\u00f8dt frem.<\/p>\n<p>Dagsorden:<\/p>\n<p>1. Valg af dirigent.<br \/>\nMorten Andersen blev valgt til dirigent og kunne konstaterer, at generalforsamlingen var lovlig varslet iht. Foreningens vedt\u00e6gter.<\/p>\n<p>2. Formanden afl\u00e6gger \u00e5rsberetning.<br \/>\n&#8211; Vi har afholdt 2 bestyrelsesm\u00f8der.<br \/>\n&#8211; Vi har budt velkommen til nye husstande.<br \/>\n&#8211; Vi har f\u00e5et udskiftet gadelamper til LED. Det gik dog lidt i st\u00e5 pga. tvivl om hvilken type, der skulle s\u00e6ttes op p\u00e5 stierne. Lamperne d\u00e6mpes om natten.<br \/>\n&#8211; Vi har ogs\u00e5 f\u00e5et sat to hastighedsd\u00e6mpende br\u00f8ndringe op p\u00e5 stien ved nr. 32\/34.<br \/>\n&#8211; Vi vil igen gerne minde om, at de husstande der bor op til stierne, skal rydde dem for sne.<br \/>\n&#8211; Ang. Salvievej er den med i trafikplanen for 2017, hvor man h\u00e5ber at \u00e6ndringerne bliver sat i gang indenfor 5 \u00e5r.<br \/>\n&#8211; Vi kan anbefale en ny app, som hedder borgertip, hvor man kan indmelde fejl, mangler mv. til kommunen.<br \/>\n&#8211; Vi har f\u00e5et en ny rundk\u00f8rsel Salvievej\/Agerlandsvej, som har gjort det noget nemmere at komme over Agerlandsvej.<br \/>\n&#8211; Ang. manglende kontingentbetaling, har bestyrelsen taget kontakt til de to husstande, hvoraf den ene har taget kontakt til os. (Sidenhen har den anden husstand ogs\u00e5 taget kontakt).<br \/>\n&#8211; Rosmarinvej 13 er solgt til Thomas Poulsen, som \u00f8nsker at opf\u00f8re 3 huse p\u00e5 grunden. Ny naboh\u00f8ring f\u00f8lger.<br \/>\n&#8211; Igen vil vi gerne minde om, at stamvejen ikke er til parkering af biler. Og minde om at man s\u00e6tter farten ned generelt p\u00e5 vejen og ogs\u00e5 minder g\u00e6ster, familie mv. om at s\u00e6tte farten ned.<\/p>\n<p>Beretningen blev godkendt<\/p>\n<p>3. Kassereren forel\u00e6gger det reviderede regnskab.<br \/>\nVi har brugt lidt mindre p\u00e5 snerydning sidste \u00e5r. Til geng\u00e6ld har vi f\u00e5et sat br\u00f8ndringe op p\u00e5 stien mellem nr. 32\/34 og fornyet bel\u00e6gningen p\u00e5 stien. Der er dog stadig et lille overskud p\u00e5 kontoen.<\/p>\n<p>Regnskabet blev godkendt<\/p>\n<p>4. Behandling af budgetforslag, samt fasts\u00e6ttelse af kontingent.<br \/>\nBestyrelsen redegjorde for det udsendte budgetforslag. Bestyrelsen foresl\u00e5r at kontingentet forbliver u\u00e6ndret, 700 kr. Kontingentet fordeles med 300 kr. til drift og 400 kr. til vejfonden. Bestyrelsen kan dog beslutte en anden fordeling, hvis der i l\u00f8bet af \u00e5ret opst\u00e5r behov derfor.<\/p>\n<p>Budget og kontingent blev godkendt<\/p>\n<p>5. Behandling af indkomne forslag.<br \/>\nDer var ingen indkomne forslag.<\/p>\n<p>6. Valg af bestyrelsesmedlemmer og 2 suppleanter, samt 2 revisorer og 1 suppleant.<br \/>\nTil bestyrelsen blev Benny Kold nr. 47, S\u00f8ren Mikkelsen nr. 87 og Anne Andersen nr. 52 genvalgt. Som suppleanter blev Kristian Abildgaard nr. 26A og J\u00f8rgen Vestergaard nr. 19 genvalgt. Som revisorer blev Bjarne Hougaard nr. 36 og Charlotte V. Weirs\u00f8e nr. 20 genvalgt. Som revisor suppleant blev Anette Svejstrup nr. 15 valgt ind.<\/p>\n<p>7. Eventuelt.<br \/>\nDer blev spurgt om grundejerforeningen var interesseret i at g\u00e5 sammen om en hjertestarter, som skal h\u00e6nge ved spejderne p\u00e5 Gl. Skivevej. Vi henviste til at emnet tidligere er blevet debatteret og nedstemt.<br \/>\nDer blev ogs\u00e5 spurgt til \u201dPas p\u00e5 mig\u201d skiltene p\u00e5 stamvejen og om de skal udskiftes. Bestyrelsen unders\u00f8ger sagen n\u00e6rmere og om evt. en l\u00f8sning med noget folie trukket over de eksisterende skilte.<br \/>\nEn tredje beboer ville gerne g\u00f8re opm\u00e6rksom p\u00e5 de mange katte, der huserer i omr\u00e5det. Bestyrelsen opfordrer til ansvarlighed og hvis har man flere katte, at man s\u00f8rger for at de ikke er til gene for naboerne.<br \/>\nOgs\u00e5 hundelorte blev n\u00e6vnt\u2026s\u00e5 saml jeres hundes efterladenskaber op, tag posen med og put den i en skraldespand.<br \/>\nTo husstande har problemer med en husm\u00e5r, hvis andre skulle have problemer med puslen p\u00e5 loftet.<\/p>\n<p>Morten Andersen, dirigent<\/p>\n<p>Morten Dueholm, formand<\/p>\n<p>Benny Kold. kasserer<\/p>\n<p>Jette Haubro, n\u00e6stformand<\/p>\n<p>S\u00f8ren Mikkelsen, vejformand<\/p>\n<p>Anne Andersen, sekret\u00e6r<\/p>\n","protected":false},"excerpt":{"rendered":"<p>Referat af ordin\u00e6r generalforsamling i Grundejerforeningen Rosmarinvej Tirsdag d. 20. marts 2018 Repr\u00e6sentanter fra 18 husstande var m\u00f8dt frem. Dagsorden: 1. Valg af dirigent. Morten Andersen blev valgt til dirigent og kunne konstaterer, at generalforsamlingen var lovlig varslet iht. Foreningens vedt\u00e6gter. 2. Formanden afl\u00e6gger \u00e5rsberetning. &#8211; Vi har afholdt 2 bestyrelsesm\u00f8der. &#8211; Vi har budt [&hellip;]<\/p>\n","protected":false},"author":1,"featured_media":0,"parent":0,"menu_order":0,"comment_status":"closed","ping_status":"closed","template":"","meta":{"footnotes":""},"class_list":["post-418","page","type-page","status-publish","hentry"],"_links":{"self":[{"href":"https:\/\/rosmarinvej.dk\/index.php?rest_route=\/wp\/v2\/pages\/418","targetHints":{"allow":["GET"]}}],"collection":[{"href":"https:\/\/rosmarinvej.dk\/index.php?rest_route=\/wp\/v2\/pages"}],"about":[{"href":"https:\/\/rosmarinvej.dk\/index.php?rest_route=\/wp\/v2\/types\/page"}],"author":[{"embeddable":true,"href":"https:\/\/rosmarinvej.dk\/index.php?rest_route=\/wp\/v2\/users\/1"}],"replies":[{"embeddable":true,"href":"https:\/\/rosmarinvej.dk\/index.php?rest_route=%2Fwp%2Fv2%2Fcomments&post=418"}],"version-history":[{"count":1,"href":"https:\/\/rosmarinvej.dk\/index.php?rest_route=\/wp\/v2\/pages\/418\/revisions"}],"predecessor-version":[{"id":419,"href":"https:\/\/rosmarinvej.dk\/index.php?rest_route=\/wp\/v2\/pages\/418\/revisions\/419"}],"wp:attachment":[{"href":"https:\/\/rosmarinvej.dk\/index.php?rest_route=%2Fwp%2Fv2%2Fmedia&parent=418"}],"curies":[{"name":"wp","href":"https:\/\/api.w.org\/{rel}","templated":true}]}}