{"id":471,"date":"2019-05-07T17:22:10","date_gmt":"2019-05-07T15:22:10","guid":{"rendered":"http:\/\/rosmarinvej.dk\/?page_id=471"},"modified":"2019-05-07T17:22:10","modified_gmt":"2019-05-07T15:22:10","slug":"generalforsamling-2019","status":"publish","type":"page","link":"https:\/\/rosmarinvej.dk\/?page_id=471","title":{"rendered":"Generalforsamling 2019"},"content":{"rendered":"<p>Referat af ordin\u00e6r generalforsamling i Grundejerforeningen Rosmarinvej<br \/>\nOnsdag d. 27. marts 2019<br \/>\nRepr\u00e6sentanter fra 20 husstande var m\u00f8dt frem.<\/p>\n<p>Dagsorden:<br \/>\n1. Valg af dirigent.<br \/>\nMorten Andersen blev valgt til dirigent og kunne konstatere, at generalforsamlingen var lovligt varslet iht. foreningens vedt\u00e6gter.<\/p>\n<p>2. Formanden afl\u00e6gger \u00e5rsberetning.<br \/>\n&#8211; Vi har afholdt 2 bestyrelsesm\u00f8der.<br \/>\n&#8211; Vi har budt velkommen til 4 nye husstande.<br \/>\n&#8211; P\u00e5 nr. 13 er de i fuld gang med at bygge.<br \/>\n&#8211; Evt. lapning af vejen, kigger S\u00f8ren p\u00e5, n\u00e5r byggeriet p\u00e5 nr. 13 er f\u00e6rdigt.<br \/>\n&#8211; Snerydning har v\u00e6ret billigere end sidste \u00e5r.<br \/>\n&#8211; Sidste \u00e5r fik vi renoveret \u201dPas p\u00e5 mig\u201d-skiltene.<br \/>\n&#8211; Benny var ude med 18 rykkere, men vi er heldigvis nu nede p\u00e5 1 husstand som ikke har betalt.<br \/>\n&#8211; General Data Protection Regulation (GDPR) har vi ogs\u00e5 haft kig p\u00e5. (Se evt. p\u00e5 hjemmesiden)<br \/>\n&#8211; I avisen stod der et forslag til, at grundejerforeninger i Viborg, kunne g\u00e5 sammen i et form for f\u00e6llesskab for at blive bedre h\u00f8rt ift. kommunen. Det er vi positive overfor, men har ikke h\u00f8rt n\u00e6rmere om sagen.<br \/>\n&#8211; Vi er blevet kontaktet af Trikel, som er et netv\u00e6rk af grundejerforeninger mv. Det drejer sig om, at kunne udveksle erfaringer og sp\u00f8rgsm\u00e5l. Vi unders\u00f8ger n\u00e6rmere, om det kunne v\u00e6re interessant for os.<br \/>\n&#8211; Til slut, tak til bestyrelsen for godt samarbejde.<br \/>\nBeretningen blev godkendt<\/p>\n<p>3. Kassereren forel\u00e6gger det reviderede regnskab.<br \/>\nDer er ikke brugt s\u00e5 meget p\u00e5 snerydning. Nr. 63 har betalt til vejfonden, men \u00f8nsker ikke at betale til driften.<br \/>\nRegnskabet blev godkendt<\/p>\n<p>4. Behandling af budgetforslag, samt fasts\u00e6ttelse af kontingent.<br \/>\nBestyrelsen redegjorde for det udsendte budgetforslag. Bestyrelsen foresl\u00e5r, at kontingentet forbliver u\u00e6ndret, 700 kr. Kontingentet fordeles med 300 kr. til drift og 400 kr. til vejfonden. Bestyrelsen kan dog beslutte en anden fordeling, hvis der i l\u00f8bet af \u00e5ret opst\u00e5r behov derfor. Fra i \u00e5r bliver der 89 husstande pga. nr. 13, som bliver til 3 husstande.<br \/>\nBudget og kontingent blev godkendt<\/p>\n<p>5. Behandling af indkomne forslag.<br \/>\nDer var ingen indkomne forslag.<\/p>\n<p>6. Valg af bestyrelsesmedlemmer og 2 suppleanter, samt 2 revisorer og 1 suppleant.<br \/>\nTil bestyrelsen blev Alex Velling Pedersen, nr. 60 og Morten Kristiansen, nr. 44 valgt ind. Som suppleanter blev Kenneth Jensen, nr. 34 og Niklas Jensen, nr. 31 valgt ind. Som revisorer blev Bjarne Hougaard, nr. 36 og Charlotte V. Weirs\u00f8e, nr. 20 genvalgt. Som revisor suppleant blev Benny Nielsen, nr. 70 genvalgt.<\/p>\n<p>7. Eventuelt.<br \/>\nDer blev spurgt til om de lejere, der er p\u00e5 vejen, skulle have mulighed for at komme med til generalforsamling (selvom de ikke har stemmeret). Det er bestyrelsen positivt indstillet overfor og vil uddele til de 4 husstande n\u00e6ste gang.<br \/>\nDer blev ogs\u00e5 spurgt om samarbejde med andre grundejerforeninger, jf. annonce i Viborg Stift om udstykninger i Hald Ege.<br \/>\nSidst blev der n\u00e6vnt, at der p\u00e5 nogle vendepladser er meget m\u00f8rkt om aftenen. Bestyrelsen opfordrer, at man selv kontakter kommunen herom.<\/p>\n<p>Morten Andersen, dirigent<\/p>\n<p>Morten Dueholm, formand<\/p>\n<p>Jette Haubro, n\u00e6stformand<\/p>\n<p>Benny Kold, kasserer<\/p>\n<p>S\u00f8ren Mikkelsen, vejformand<\/p>\n<p>Anne Andersen, sekret\u00e6r<\/p>\n","protected":false},"excerpt":{"rendered":"<p>Referat af ordin\u00e6r generalforsamling i Grundejerforeningen Rosmarinvej Onsdag d. 27. marts 2019 Repr\u00e6sentanter fra 20 husstande var m\u00f8dt frem. Dagsorden: 1. Valg af dirigent. Morten Andersen blev valgt til dirigent og kunne konstatere, at generalforsamlingen var lovligt varslet iht. foreningens vedt\u00e6gter. 2. Formanden afl\u00e6gger \u00e5rsberetning. &#8211; Vi har afholdt 2 bestyrelsesm\u00f8der. &#8211; Vi har budt [&hellip;]<\/p>\n","protected":false},"author":1,"featured_media":0,"parent":0,"menu_order":0,"comment_status":"closed","ping_status":"closed","template":"","meta":{"footnotes":""},"class_list":["post-471","page","type-page","status-publish","hentry"],"_links":{"self":[{"href":"https:\/\/rosmarinvej.dk\/index.php?rest_route=\/wp\/v2\/pages\/471","targetHints":{"allow":["GET"]}}],"collection":[{"href":"https:\/\/rosmarinvej.dk\/index.php?rest_route=\/wp\/v2\/pages"}],"about":[{"href":"https:\/\/rosmarinvej.dk\/index.php?rest_route=\/wp\/v2\/types\/page"}],"author":[{"embeddable":true,"href":"https:\/\/rosmarinvej.dk\/index.php?rest_route=\/wp\/v2\/users\/1"}],"replies":[{"embeddable":true,"href":"https:\/\/rosmarinvej.dk\/index.php?rest_route=%2Fwp%2Fv2%2Fcomments&post=471"}],"version-history":[{"count":2,"href":"https:\/\/rosmarinvej.dk\/index.php?rest_route=\/wp\/v2\/pages\/471\/revisions"}],"predecessor-version":[{"id":473,"href":"https:\/\/rosmarinvej.dk\/index.php?rest_route=\/wp\/v2\/pages\/471\/revisions\/473"}],"wp:attachment":[{"href":"https:\/\/rosmarinvej.dk\/index.php?rest_route=%2Fwp%2Fv2%2Fmedia&parent=471"}],"curies":[{"name":"wp","href":"https:\/\/api.w.org\/{rel}","templated":true}]}}